{"id":129,"date":"2022-03-07T10:12:41","date_gmt":"2022-03-07T09:12:41","guid":{"rendered":"https:\/\/www.myfrenchlawyer.com\/not-found\/"},"modified":"2025-03-26T14:31:18","modified_gmt":"2025-03-26T13:31:18","slug":"not-found","status":"publish","type":"page","link":"https:\/\/www.myfrenchlawyer.com\/fr\/not-found\/","title":{"rendered":"Not Found"},"content":{"rendered":"<div data-elementor-type=\"wp-page\" data-elementor-id=\"129\" class=\"elementor elementor-129\" data-elementor-settings=\"{&quot;element_pack_global_tooltip_width&quot;:{&quot;unit&quot;:&quot;px&quot;,&quot;size&quot;:&quot;&quot;,&quot;sizes&quot;:[]},&quot;element_pack_global_tooltip_width_tablet&quot;:{&quot;unit&quot;:&quot;px&quot;,&quot;size&quot;:&quot;&quot;,&quot;sizes&quot;:[]},&quot;element_pack_global_tooltip_width_mobile&quot;:{&quot;unit&quot;:&quot;px&quot;,&quot;size&quot;:&quot;&quot;,&quot;sizes&quot;:[]},&quot;element_pack_global_tooltip_padding&quot;:{&quot;unit&quot;:&quot;px&quot;,&quot;top&quot;:&quot;&quot;,&quot;right&quot;:&quot;&quot;,&quot;bottom&quot;:&quot;&quot;,&quot;left&quot;:&quot;&quot;,&quot;isLinked&quot;:true},&quot;element_pack_global_tooltip_padding_tablet&quot;:{&quot;unit&quot;:&quot;px&quot;,&quot;top&quot;:&quot;&quot;,&quot;right&quot;:&quot;&quot;,&quot;bottom&quot;:&quot;&quot;,&quot;left&quot;:&quot;&quot;,&quot;isLinked&quot;:true},&quot;element_pack_global_tooltip_padding_mobile&quot;:{&quot;unit&quot;:&quot;px&quot;,&quot;top&quot;:&quot;&quot;,&quot;right&quot;:&quot;&quot;,&quot;bottom&quot;:&quot;&quot;,&quot;left&quot;:&quot;&quot;,&quot;isLinked&quot;:true},&quot;element_pack_global_tooltip_border_radius&quot;:{&quot;unit&quot;:&quot;px&quot;,&quot;top&quot;:&quot;&quot;,&quot;right&quot;:&quot;&quot;,&quot;bottom&quot;:&quot;&quot;,&quot;left&quot;:&quot;&quot;,&quot;isLinked&quot;:true},&quot;element_pack_global_tooltip_border_radius_tablet&quot;:{&quot;unit&quot;:&quot;px&quot;,&quot;top&quot;:&quot;&quot;,&quot;right&quot;:&quot;&quot;,&quot;bottom&quot;:&quot;&quot;,&quot;left&quot;:&quot;&quot;,&quot;isLinked&quot;:true},&quot;element_pack_global_tooltip_border_radius_mobile&quot;:{&quot;unit&quot;:&quot;px&quot;,&quot;top&quot;:&quot;&quot;,&quot;right&quot;:&quot;&quot;,&quot;bottom&quot;:&quot;&quot;,&quot;left&quot;:&quot;&quot;,&quot;isLinked&quot;:true}}\" data-elementor-post-type=\"page\">\n\t\t\t\t\t\t<section class=\"elementor-section elementor-top-section elementor-element elementor-element-39390db elementor-section-full_width elementor-section-height-full elementor-section-content-middle elementor-section-height-default elementor-section-items-middle\" data-id=\"39390db\" data-element_type=\"section\" data-e-type=\"section\" data-settings=\"{&quot;background_background&quot;:&quot;gradient&quot;}\">\n\t\t\t\t\t\t<div class=\"elementor-container elementor-column-gap-default\">\n\t\t\t\t\t<div class=\"elementor-column elementor-col-50 elementor-top-column elementor-element elementor-element-1c987cf\" data-id=\"1c987cf\" data-element_type=\"column\" data-e-type=\"column\">\n\t\t\t<div class=\"elementor-widget-wrap elementor-element-populated\">\n\t\t\t\t\t\t<div class=\"elementor-element elementor-element-1ca91fe elementor-widget elementor-widget-heading\" data-id=\"1ca91fe\" data-element_type=\"widget\" data-e-type=\"widget\" data-widget_type=\"heading.default\">\n\t\t\t\t<div class=\"elementor-widget-container\">\n\t\t\t\t\t<h1 class=\"elementor-heading-title elementor-size-default\">Cette page n'existe pas<\/h1>\t\t\t\t<\/div>\n\t\t\t\t<\/div>\n\t\t\t\t<div class=\"elementor-element elementor-element-480cecf elementor-widget__width-initial elementor-widget elementor-widget-text-editor\" data-id=\"480cecf\" data-element_type=\"widget\" data-e-type=\"widget\" data-widget_type=\"text-editor.default\">\n\t\t\t\t<div class=\"elementor-widget-container\">\n\t\t\t\t\t\t\t\t\t<p>Il semble que cette page soit introuvable. Elle a peut-\u00eatre \u00e9t\u00e9 d\u00e9plac\u00e9e ou renomm\u00e9e.<\/p>\t\t\t\t\t\t\t\t<\/div>\n\t\t\t\t<\/div>\n\t\t\t\t<div class=\"elementor-element elementor-element-91c7037 elementor-align-left elementor-tablet-align-center elementor-widget elementor-widget-button\" data-id=\"91c7037\" data-element_type=\"widget\" data-e-type=\"widget\" data-widget_type=\"button.default\">\n\t\t\t\t<div class=\"elementor-widget-container\">\n\t\t\t\t\t\t\t\t\t<div class=\"elementor-button-wrapper\">\n\t\t\t\t\t<a class=\"elementor-button elementor-button-link elementor-size-sm\" href=\"\/fr\/\">\n\t\t\t\t\t\t<span class=\"elementor-button-content-wrapper\">\n\t\t\t\t\t\t\t\t\t<span class=\"elementor-button-text\">Retour \u00e0 l'accueil<\/span>\n\t\t\t\t\t<\/span>\n\t\t\t\t\t<\/a>\n\t\t\t\t<\/div>\n\t\t\t\t\t\t\t\t<\/div>\n\t\t\t\t<\/div>\n\t\t\t\t\t<\/div>\n\t\t<\/div>\n\t\t\t\t<div class=\"elementor-column elementor-col-50 elementor-top-column elementor-element elementor-element-56f2cad\" data-id=\"56f2cad\" data-element_type=\"column\" data-e-type=\"column\">\n\t\t\t<div class=\"elementor-widget-wrap elementor-element-populated\">\n\t\t\t\t\t\t<div class=\"elementor-element elementor-element-cebde84 elementor-widget elementor-widget-image\" data-id=\"cebde84\" data-element_type=\"widget\" data-e-type=\"widget\" data-widget_type=\"image.default\">\n\t\t\t\t<div class=\"elementor-widget-container\">\n\t\t\t\t\t\t\t\t\t\t\t\t\t\t\t<img fetchpriority=\"high\" decoding=\"async\" width=\"1948\" height=\"1812\" src=\"https:\/\/www.myfrenchlawyer.com\/wp-content\/uploads\/2025\/02\/convertio-404.webp\" class=\"attachment-full size-full wp-image-126\" alt=\"\" srcset=\"https:\/\/www.myfrenchlawyer.com\/wp-content\/uploads\/2025\/02\/convertio-404.webp 1948w, https:\/\/www.myfrenchlawyer.com\/wp-content\/uploads\/2025\/02\/convertio-404-300x279.webp 300w, https:\/\/www.myfrenchlawyer.com\/wp-content\/uploads\/2025\/02\/convertio-404-1024x953.webp 1024w, https:\/\/www.myfrenchlawyer.com\/wp-content\/uploads\/2025\/02\/convertio-404-768x714.webp 768w, https:\/\/www.myfrenchlawyer.com\/wp-content\/uploads\/2025\/02\/convertio-404-1536x1429.webp 1536w, https:\/\/www.myfrenchlawyer.com\/wp-content\/uploads\/2025\/02\/convertio-404-650x605.webp 650w\" sizes=\"(max-width: 1948px) 100vw, 1948px\" \/>\t\t\t\t\t\t\t\t\t\t\t\t\t\t\t<\/div>\n\t\t\t\t<\/div>\n\t\t\t\t\t<\/div>\n\t\t<\/div>\n\t\t\t\t\t<\/div>\n\t\t<\/section>\n\t\t\t\t<\/div>","protected":false},"excerpt":{"rendered":"<p>Cette page n&#8217;existe pas Il semble que cette page soit introuvable. Elle a peut-\u00eatre \u00e9t\u00e9 d\u00e9plac\u00e9e ou renomm\u00e9e. Retour \u00e0 l&#8217;accueil<\/p>","protected":false},"author":1,"featured_media":0,"parent":0,"menu_order":0,"comment_status":"closed","ping_status":"closed","template":"elementor_canvas","meta":{"_monsterinsights_skip_tracking":false,"_monsterinsights_sitenote_active":false,"_monsterinsights_sitenote_note":"","_monsterinsights_sitenote_category":0,"_uf_show_specific_survey":0,"_uf_disable_surveys":false,"footnotes":""},"class_list":["post-129","page","type-page","status-publish","hentry"],"yoast_head":"<!-- This site is optimized with the Yoast SEO plugin v27.4 - https:\/\/yoast.com\/product\/yoast-seo-wordpress\/ -->\n<title>Not Found - My French Lawyer<\/title>\n<meta name=\"robots\" content=\"noindex, follow\" \/>\n<meta property=\"og:locale\" content=\"fr_FR\" \/>\n<meta property=\"og:type\" content=\"article\" \/>\n<meta property=\"og:title\" content=\"Not Found - My French Lawyer\" \/>\n<meta property=\"og:description\" content=\"Cette page n&#8217;existe pas Il semble que cette page soit introuvable. Elle a peut-\u00eatre \u00e9t\u00e9 d\u00e9plac\u00e9e ou renomm\u00e9e. Retour \u00e0 l&#8217;accueil\" \/>\n<meta property=\"og:url\" content=\"https:\/\/www.myfrenchlawyer.com\/fr\/not-found\/\" \/>\n<meta property=\"og:site_name\" content=\"My French Lawyer\" \/>\n<meta property=\"article:modified_time\" content=\"2025-03-26T13:31:18+00:00\" \/>\n<meta property=\"og:image\" content=\"https:\/\/www.myfrenchlawyer.com\/wp-content\/uploads\/2025\/02\/convertio-404.webp\" \/>\n<meta name=\"twitter:card\" content=\"summary_large_image\" \/>\n<meta name=\"twitter:label1\" content=\"Dur\u00e9e de lecture estim\u00e9e\" \/>\n\t<meta name=\"twitter:data1\" content=\"1 minute\" \/>\n<script type=\"application\/ld+json\" class=\"yoast-schema-graph\">{\"@context\":\"https:\\\/\\\/schema.org\",\"@graph\":[{\"@type\":\"WebPage\",\"@id\":\"https:\\\/\\\/www.myfrenchlawyer.com\\\/not-found\\\/\",\"url\":\"https:\\\/\\\/www.myfrenchlawyer.com\\\/not-found\\\/\",\"name\":\"Not Found - My French Lawyer\",\"isPartOf\":{\"@id\":\"https:\\\/\\\/www.myfrenchlawyer.com\\\/#website\"},\"primaryImageOfPage\":{\"@id\":\"https:\\\/\\\/www.myfrenchlawyer.com\\\/not-found\\\/#primaryimage\"},\"image\":{\"@id\":\"https:\\\/\\\/www.myfrenchlawyer.com\\\/not-found\\\/#primaryimage\"},\"thumbnailUrl\":\"https:\\\/\\\/www.myfrenchlawyer.com\\\/wp-content\\\/uploads\\\/2025\\\/02\\\/convertio-404.webp\",\"datePublished\":\"2022-03-07T09:12:41+00:00\",\"dateModified\":\"2025-03-26T13:31:18+00:00\",\"breadcrumb\":{\"@id\":\"https:\\\/\\\/www.myfrenchlawyer.com\\\/not-found\\\/#breadcrumb\"},\"inLanguage\":\"fr-FR\",\"potentialAction\":[{\"@type\":\"ReadAction\",\"target\":[\"https:\\\/\\\/www.myfrenchlawyer.com\\\/not-found\\\/\"]}]},{\"@type\":\"ImageObject\",\"inLanguage\":\"fr-FR\",\"@id\":\"https:\\\/\\\/www.myfrenchlawyer.com\\\/not-found\\\/#primaryimage\",\"url\":\"https:\\\/\\\/www.myfrenchlawyer.com\\\/wp-content\\\/uploads\\\/2025\\\/02\\\/convertio-404.webp\",\"contentUrl\":\"https:\\\/\\\/www.myfrenchlawyer.com\\\/wp-content\\\/uploads\\\/2025\\\/02\\\/convertio-404.webp\"},{\"@type\":\"BreadcrumbList\",\"@id\":\"https:\\\/\\\/www.myfrenchlawyer.com\\\/not-found\\\/#breadcrumb\",\"itemListElement\":[{\"@type\":\"ListItem\",\"position\":1,\"name\":\"Accueil\",\"item\":\"https:\\\/\\\/www.myfrenchlawyer.com\\\/\"},{\"@type\":\"ListItem\",\"position\":2,\"name\":\"Not Found\"}]},{\"@type\":\"WebSite\",\"@id\":\"https:\\\/\\\/www.myfrenchlawyer.com\\\/#website\",\"url\":\"https:\\\/\\\/www.myfrenchlawyer.com\\\/\",\"name\":\"My French Lawyer\",\"description\":\"We support individuals and businesses in defending their rights and protecting their interests in France\",\"publisher\":{\"@id\":\"https:\\\/\\\/www.myfrenchlawyer.com\\\/#organization\"},\"potentialAction\":[{\"@type\":\"SearchAction\",\"target\":{\"@type\":\"EntryPoint\",\"urlTemplate\":\"https:\\\/\\\/www.myfrenchlawyer.com\\\/?s={search_term_string}\"},\"query-input\":{\"@type\":\"PropertyValueSpecification\",\"valueRequired\":true,\"valueName\":\"search_term_string\"}}],\"inLanguage\":\"fr-FR\"},{\"@type\":\"Organization\",\"@id\":\"https:\\\/\\\/www.myfrenchlawyer.com\\\/#organization\",\"name\":\"My French Lawyer\",\"url\":\"https:\\\/\\\/www.myfrenchlawyer.com\\\/\",\"logo\":{\"@type\":\"ImageObject\",\"inLanguage\":\"fr-FR\",\"@id\":\"https:\\\/\\\/www.myfrenchlawyer.com\\\/#\\\/schema\\\/logo\\\/image\\\/\",\"url\":\"https:\\\/\\\/www.myfrenchlawyer.com\\\/wp-content\\\/uploads\\\/2025\\\/02\\\/181946159_padded_logo-copie.png\",\"contentUrl\":\"https:\\\/\\\/www.myfrenchlawyer.com\\\/wp-content\\\/uploads\\\/2025\\\/02\\\/181946159_padded_logo-copie.png\",\"width\":1000,\"height\":1000,\"caption\":\"My French Lawyer\"},\"image\":{\"@id\":\"https:\\\/\\\/www.myfrenchlawyer.com\\\/#\\\/schema\\\/logo\\\/image\\\/\"}}]}<\/script>\n<!-- \/ Yoast SEO plugin. -->","yoast_head_json":{"title":"Not Found - My French Lawyer","robots":{"index":"noindex","follow":"follow"},"og_locale":"fr_FR","og_type":"article","og_title":"Not Found - My French Lawyer","og_description":"Cette page n&#8217;existe pas Il semble que cette page soit introuvable. Elle a peut-\u00eatre \u00e9t\u00e9 d\u00e9plac\u00e9e ou renomm\u00e9e. Retour \u00e0 l&#8217;accueil","og_url":"https:\/\/www.myfrenchlawyer.com\/fr\/not-found\/","og_site_name":"My French Lawyer","article_modified_time":"2025-03-26T13:31:18+00:00","og_image":[{"url":"https:\/\/www.myfrenchlawyer.com\/wp-content\/uploads\/2025\/02\/convertio-404.webp","type":"","width":"","height":""}],"twitter_card":"summary_large_image","twitter_misc":{"Dur\u00e9e de lecture estim\u00e9e":"1 minute"},"schema":{"@context":"https:\/\/schema.org","@graph":[{"@type":"WebPage","@id":"https:\/\/www.myfrenchlawyer.com\/not-found\/","url":"https:\/\/www.myfrenchlawyer.com\/not-found\/","name":"Not Found - My French Lawyer","isPartOf":{"@id":"https:\/\/www.myfrenchlawyer.com\/#website"},"primaryImageOfPage":{"@id":"https:\/\/www.myfrenchlawyer.com\/not-found\/#primaryimage"},"image":{"@id":"https:\/\/www.myfrenchlawyer.com\/not-found\/#primaryimage"},"thumbnailUrl":"https:\/\/www.myfrenchlawyer.com\/wp-content\/uploads\/2025\/02\/convertio-404.webp","datePublished":"2022-03-07T09:12:41+00:00","dateModified":"2025-03-26T13:31:18+00:00","breadcrumb":{"@id":"https:\/\/www.myfrenchlawyer.com\/not-found\/#breadcrumb"},"inLanguage":"fr-FR","potentialAction":[{"@type":"ReadAction","target":["https:\/\/www.myfrenchlawyer.com\/not-found\/"]}]},{"@type":"ImageObject","inLanguage":"fr-FR","@id":"https:\/\/www.myfrenchlawyer.com\/not-found\/#primaryimage","url":"https:\/\/www.myfrenchlawyer.com\/wp-content\/uploads\/2025\/02\/convertio-404.webp","contentUrl":"https:\/\/www.myfrenchlawyer.com\/wp-content\/uploads\/2025\/02\/convertio-404.webp"},{"@type":"BreadcrumbList","@id":"https:\/\/www.myfrenchlawyer.com\/not-found\/#breadcrumb","itemListElement":[{"@type":"ListItem","position":1,"name":"Accueil","item":"https:\/\/www.myfrenchlawyer.com\/"},{"@type":"ListItem","position":2,"name":"Not Found"}]},{"@type":"WebSite","@id":"https:\/\/www.myfrenchlawyer.com\/#website","url":"https:\/\/www.myfrenchlawyer.com\/","name":"My French Lawyer","description":"We support individuals and businesses in defending their rights and protecting their interests in France","publisher":{"@id":"https:\/\/www.myfrenchlawyer.com\/#organization"},"potentialAction":[{"@type":"SearchAction","target":{"@type":"EntryPoint","urlTemplate":"https:\/\/www.myfrenchlawyer.com\/?s={search_term_string}"},"query-input":{"@type":"PropertyValueSpecification","valueRequired":true,"valueName":"search_term_string"}}],"inLanguage":"fr-FR"},{"@type":"Organization","@id":"https:\/\/www.myfrenchlawyer.com\/#organization","name":"My French Lawyer","url":"https:\/\/www.myfrenchlawyer.com\/","logo":{"@type":"ImageObject","inLanguage":"fr-FR","@id":"https:\/\/www.myfrenchlawyer.com\/#\/schema\/logo\/image\/","url":"https:\/\/www.myfrenchlawyer.com\/wp-content\/uploads\/2025\/02\/181946159_padded_logo-copie.png","contentUrl":"https:\/\/www.myfrenchlawyer.com\/wp-content\/uploads\/2025\/02\/181946159_padded_logo-copie.png","width":1000,"height":1000,"caption":"My French Lawyer"},"image":{"@id":"https:\/\/www.myfrenchlawyer.com\/#\/schema\/logo\/image\/"}}]}},"_links":{"self":[{"href":"https:\/\/www.myfrenchlawyer.com\/fr\/wp-json\/wp\/v2\/pages\/129","targetHints":{"allow":["GET"]}}],"collection":[{"href":"https:\/\/www.myfrenchlawyer.com\/fr\/wp-json\/wp\/v2\/pages"}],"about":[{"href":"https:\/\/www.myfrenchlawyer.com\/fr\/wp-json\/wp\/v2\/types\/page"}],"author":[{"embeddable":true,"href":"https:\/\/www.myfrenchlawyer.com\/fr\/wp-json\/wp\/v2\/users\/1"}],"replies":[{"embeddable":true,"href":"https:\/\/www.myfrenchlawyer.com\/fr\/wp-json\/wp\/v2\/comments?post=129"}],"version-history":[{"count":6,"href":"https:\/\/www.myfrenchlawyer.com\/fr\/wp-json\/wp\/v2\/pages\/129\/revisions"}],"predecessor-version":[{"id":399,"href":"https:\/\/www.myfrenchlawyer.com\/fr\/wp-json\/wp\/v2\/pages\/129\/revisions\/399"}],"wp:attachment":[{"href":"https:\/\/www.myfrenchlawyer.com\/fr\/wp-json\/wp\/v2\/media?parent=129"}],"curies":[{"name":"wp","href":"https:\/\/api.w.org\/{rel}","templated":true}]}}